{"id":8,"date":"2023-12-17T17:17:40","date_gmt":"2023-12-17T16:17:40","guid":{"rendered":"https:\/\/jessycouture.groprotex.com\/index.php\/shop\/"},"modified":"2024-01-03T19:23:30","modified_gmt":"2024-01-03T18:23:30","slug":"boutique","status":"publish","type":"page","link":"https:\/\/jessycouture.groprotex.com\/index.php\/boutique\/","title":{"rendered":"Boutique"},"content":{"rendered":"\t\t<div data-elementor-type=\"wp-page\" data-elementor-id=\"8\" class=\"elementor elementor-8\">\n\t\t\t\t\t\t\t<div class=\"elementor-element elementor-element-ce83d3a e-flex e-con-boxed e-con e-parent\" data-id=\"ce83d3a\" data-element_type=\"container\" data-settings=\"{&quot;content_width&quot;:&quot;boxed&quot;}\" data-core-v316-plus=\"true\">\n\t\t\t\t\t<div class=\"e-con-inner\">\n\t\t\t\t<div class=\"elementor-element elementor-element-0485384 elementor-widget elementor-widget-konte-products-grid\" data-id=\"0485384\" data-element_type=\"widget\" data-widget_type=\"konte-products-grid.default\">\n\t\t\t\t<div class=\"elementor-widget-container\">\n\t\t\t\t\t<div class=\"konte-product-grid konte-products konte-product-grid--elementor\">\n\t\t\t<div class=\"woocommerce columns-4 \"><ul class=\"products hover-slider columns-4\"><li class=\"product type-product post-3403 status-publish first instock product_cat-woman has-post-thumbnail shipping-taxable purchasable product-type-simple\">\n\t<div class=\"product-inner\"><div class=\"product-thumbnail\"><a href=\"https:\/\/jessycouture.groprotex.com\/index.php\/product\/chaussures\/\" class=\"woocommerce-LoopProduct-link woocommerce-loop-product__link\"><img fetchpriority=\"high\" decoding=\"async\" width=\"680\" height=\"920\" src=\"https:\/\/jessycouture.groprotex.com\/wp-content\/uploads\/2025\/06\/1000000286-680x920.jpg\" class=\"attachment-woocommerce_thumbnail size-woocommerce_thumbnail\" alt=\"\" \/><\/a><\/div><div class=\"product-summary\"><h2 class=\"woocommerce-loop-product__title\"><a href=\"https:\/\/jessycouture.groprotex.com\/index.php\/product\/chaussures\/\" class=\"woocommerce-LoopProduct-link woocommerce-loop-product__link\">chaussures<\/a><\/h2>\n\t<span class=\"price\"><span class=\"woocommerce-Price-amount amount\"><bdi>20.000<span class=\"woocommerce-Price-currencySymbol\">CFA<\/span><\/bdi><\/span><\/span>\n<div class=\"buttons clearfix\"><a href=\"?add-to-cart=3403\" data-quantity=\"1\" class=\"button product_type_simple add_to_cart_button ajax_add_to_cart woocommerce-loop-product__button\" data-product_id=\"3403\" data-product_sku=\"\" aria-label=\"Add to cart: &ldquo;chaussures&rdquo;\" aria-describedby=\"\" rel=\"nofollow\">Add to cart<\/a><a href=\"https:\/\/jessycouture.groprotex.com\/index.php\/product\/chaussures\/\" class=\"quick_view_button quick-view-button button\" data-toggle=\"modal\" data-target=\"quick-view-modal\" data-product_id=\"3403\" rel=\"nofollow\">\n\t\t\t\t<span class=\"svg-icon icon-eye size-normal \"><svg role=\"img\"> <use href=\"#eye\" xlink:href=\"#eye\"><\/use> <\/svg><\/span>\n\t\t\t<\/a><a href=\"?add-to-wishlist=3403\" data-quantity=\"1\" data-product_id=\"3403\" data-variations=\"\" class=\"wcboost-wishlist-button wcboost-wishlist-button--theme button wp-element-button wcboost-wishlist-button--ajax\" aria-label=\"Add &ldquo;chaussures&rdquo; to the wishlist\">\n\t\t\t<span class=\"wcboost-wishlist-button__icon\"><span class=\"svg-icon icon-heart-o size-normal \"><svg role=\"img\"> <use href=\"#heart-o\" xlink:href=\"#heart-o\"><\/use> <\/svg><\/span><\/span>\n\t\t\t<span class=\"wcboost-wishlist-button__text\">Add to wishlist<\/span>\n\t\t<\/a><\/div><\/div><\/div><\/li>\n<li class=\"product type-product post-3297 status-publish instock product_cat-uncategorized has-post-thumbnail shipping-taxable purchasable product-type-simple\">\n\t<div class=\"product-inner\"><div class=\"product-thumbnail\"><a href=\"https:\/\/jessycouture.groprotex.com\/index.php\/product\/robe-1\/\" class=\"woocommerce-LoopProduct-link woocommerce-loop-product__link\"><img decoding=\"async\" width=\"680\" height=\"920\" src=\"https:\/\/jessycouture.groprotex.com\/wp-content\/uploads\/2021\/05\/MicrosoftTeams-image-20-680x920.jpg\" class=\"attachment-woocommerce_thumbnail size-woocommerce_thumbnail\" alt=\"\" \/><\/a><\/div><div class=\"product-summary\"><h2 class=\"woocommerce-loop-product__title\"><a href=\"https:\/\/jessycouture.groprotex.com\/index.php\/product\/robe-1\/\" class=\"woocommerce-LoopProduct-link woocommerce-loop-product__link\"><\/a><\/h2>\n\t<span class=\"price\"><span class=\"woocommerce-Price-amount amount\"><bdi>70.000<span class=\"woocommerce-Price-currencySymbol\">CFA<\/span><\/bdi><\/span><\/span>\n<div class=\"buttons clearfix\"><a href=\"?add-to-cart=3297\" data-quantity=\"1\" class=\"button product_type_simple add_to_cart_button ajax_add_to_cart woocommerce-loop-product__button\" data-product_id=\"3297\" data-product_sku=\"041\" aria-label=\"Add to cart: &ldquo;&rdquo;\" aria-describedby=\"\" rel=\"nofollow\">Add to cart<\/a><a href=\"https:\/\/jessycouture.groprotex.com\/index.php\/product\/robe-1\/\" class=\"quick_view_button quick-view-button button\" data-toggle=\"modal\" data-target=\"quick-view-modal\" data-product_id=\"3297\" rel=\"nofollow\">\n\t\t\t\t<span class=\"svg-icon icon-eye size-normal \"><svg role=\"img\"> <use href=\"#eye\" xlink:href=\"#eye\"><\/use> <\/svg><\/span>\n\t\t\t<\/a><a href=\"?add-to-wishlist=3297\" data-quantity=\"1\" data-product_id=\"3297\" data-variations=\"\" class=\"wcboost-wishlist-button wcboost-wishlist-button--theme button wp-element-button wcboost-wishlist-button--ajax\" aria-label=\"Add &ldquo;&rdquo; to the wishlist\">\n\t\t\t<span class=\"wcboost-wishlist-button__icon\"><span class=\"svg-icon icon-heart-o size-normal \"><svg role=\"img\"> <use href=\"#heart-o\" xlink:href=\"#heart-o\"><\/use> <\/svg><\/span><\/span>\n\t\t\t<span class=\"wcboost-wishlist-button__text\">Add to wishlist<\/span>\n\t\t<\/a><\/div><\/div><\/div><\/li>\n<li class=\"product type-product post-3296 status-publish instock product_cat-uncategorized has-post-thumbnail shipping-taxable purchasable product-type-simple\">\n\t<div class=\"product-inner\"><div class=\"product-thumbnail\"><a href=\"https:\/\/jessycouture.groprotex.com\/index.php\/product\/chemise-1\/\" class=\"woocommerce-LoopProduct-link woocommerce-loop-product__link\"><img decoding=\"async\" width=\"680\" height=\"920\" src=\"https:\/\/jessycouture.groprotex.com\/wp-content\/uploads\/2021\/05\/MicrosoftTeams-image-5-680x920.jpg\" class=\"attachment-woocommerce_thumbnail size-woocommerce_thumbnail\" alt=\"\" \/><\/a><\/div><div class=\"product-summary\"><h2 class=\"woocommerce-loop-product__title\"><a href=\"https:\/\/jessycouture.groprotex.com\/index.php\/product\/chemise-1\/\" class=\"woocommerce-LoopProduct-link woocommerce-loop-product__link\"><\/a><\/h2>\n\t<span class=\"price\"><span class=\"woocommerce-Price-amount amount\"><bdi>70.000<span class=\"woocommerce-Price-currencySymbol\">CFA<\/span><\/bdi><\/span><\/span>\n<div class=\"buttons clearfix\"><a href=\"?add-to-cart=3296\" data-quantity=\"1\" class=\"button product_type_simple add_to_cart_button ajax_add_to_cart woocommerce-loop-product__button\" data-product_id=\"3296\" data-product_sku=\"038\" aria-label=\"Add to cart: &ldquo;&rdquo;\" aria-describedby=\"\" rel=\"nofollow\">Add to cart<\/a><a href=\"https:\/\/jessycouture.groprotex.com\/index.php\/product\/chemise-1\/\" class=\"quick_view_button quick-view-button button\" data-toggle=\"modal\" data-target=\"quick-view-modal\" data-product_id=\"3296\" rel=\"nofollow\">\n\t\t\t\t<span class=\"svg-icon icon-eye size-normal \"><svg role=\"img\"> <use href=\"#eye\" xlink:href=\"#eye\"><\/use> <\/svg><\/span>\n\t\t\t<\/a><a href=\"?add-to-wishlist=3296\" data-quantity=\"1\" data-product_id=\"3296\" data-variations=\"\" class=\"wcboost-wishlist-button wcboost-wishlist-button--theme button wp-element-button wcboost-wishlist-button--ajax\" aria-label=\"Add &ldquo;&rdquo; to the wishlist\">\n\t\t\t<span class=\"wcboost-wishlist-button__icon\"><span class=\"svg-icon icon-heart-o size-normal \"><svg role=\"img\"> <use href=\"#heart-o\" xlink:href=\"#heart-o\"><\/use> <\/svg><\/span><\/span>\n\t\t\t<span class=\"wcboost-wishlist-button__text\">Add to wishlist<\/span>\n\t\t<\/a><\/div><\/div><\/div><\/li>\n<li class=\"product type-product post-3295 status-publish last instock product_cat-uncategorized has-post-thumbnail shipping-taxable purchasable product-type-simple\">\n\t<div class=\"product-inner\"><div class=\"product-thumbnail\"><a href=\"https:\/\/jessycouture.groprotex.com\/index.php\/product\/robe-3\/\" class=\"woocommerce-LoopProduct-link woocommerce-loop-product__link\"><img loading=\"lazy\" decoding=\"async\" width=\"680\" height=\"920\" src=\"https:\/\/jessycouture.groprotex.com\/wp-content\/uploads\/2021\/05\/MicrosoftTeams-image-6-680x920.jpg\" class=\"attachment-woocommerce_thumbnail size-woocommerce_thumbnail\" alt=\"\" \/><\/a><\/div><div class=\"product-summary\"><h2 class=\"woocommerce-loop-product__title\"><a href=\"https:\/\/jessycouture.groprotex.com\/index.php\/product\/robe-3\/\" class=\"woocommerce-LoopProduct-link woocommerce-loop-product__link\"><\/a><\/h2>\n\t<span class=\"price\"><span class=\"woocommerce-Price-amount amount\"><bdi>70.000<span class=\"woocommerce-Price-currencySymbol\">CFA<\/span><\/bdi><\/span><\/span>\n<div class=\"buttons clearfix\"><a href=\"?add-to-cart=3295\" data-quantity=\"1\" class=\"button product_type_simple add_to_cart_button ajax_add_to_cart woocommerce-loop-product__button\" data-product_id=\"3295\" data-product_sku=\"034\" aria-label=\"Add to cart: &ldquo;&rdquo;\" aria-describedby=\"\" rel=\"nofollow\">Add to cart<\/a><a href=\"https:\/\/jessycouture.groprotex.com\/index.php\/product\/robe-3\/\" class=\"quick_view_button quick-view-button button\" data-toggle=\"modal\" data-target=\"quick-view-modal\" data-product_id=\"3295\" rel=\"nofollow\">\n\t\t\t\t<span class=\"svg-icon icon-eye size-normal \"><svg role=\"img\"> <use href=\"#eye\" xlink:href=\"#eye\"><\/use> <\/svg><\/span>\n\t\t\t<\/a><a href=\"?add-to-wishlist=3295\" data-quantity=\"1\" data-product_id=\"3295\" data-variations=\"\" class=\"wcboost-wishlist-button wcboost-wishlist-button--theme button wp-element-button wcboost-wishlist-button--ajax\" aria-label=\"Add &ldquo;&rdquo; to the wishlist\">\n\t\t\t<span class=\"wcboost-wishlist-button__icon\"><span class=\"svg-icon icon-heart-o size-normal \"><svg role=\"img\"> <use href=\"#heart-o\" xlink:href=\"#heart-o\"><\/use> <\/svg><\/span><\/span>\n\t\t\t<span class=\"wcboost-wishlist-button__text\">Add to wishlist<\/span>\n\t\t<\/a><\/div><\/div><\/div><\/li>\n<li class=\"product type-product post-3294 status-publish first instock product_cat-uncategorized has-post-thumbnail shipping-taxable purchasable product-type-simple\">\n\t<div class=\"product-inner\"><div class=\"product-thumbnail\"><a href=\"https:\/\/jessycouture.groprotex.com\/index.php\/product\/robe-3-2\/\" class=\"woocommerce-LoopProduct-link woocommerce-loop-product__link\"><img loading=\"lazy\" decoding=\"async\" width=\"680\" height=\"920\" src=\"https:\/\/jessycouture.groprotex.com\/wp-content\/uploads\/2021\/05\/MicrosoftTeams-image-7-680x920.jpg\" class=\"attachment-woocommerce_thumbnail size-woocommerce_thumbnail\" alt=\"\" \/><\/a><\/div><div class=\"product-summary\"><h2 class=\"woocommerce-loop-product__title\"><a href=\"https:\/\/jessycouture.groprotex.com\/index.php\/product\/robe-3-2\/\" class=\"woocommerce-LoopProduct-link woocommerce-loop-product__link\"><\/a><\/h2>\n\t<span class=\"price\"><span class=\"woocommerce-Price-amount amount\"><bdi>70.000<span class=\"woocommerce-Price-currencySymbol\">CFA<\/span><\/bdi><\/span><\/span>\n<div class=\"buttons clearfix\"><a href=\"?add-to-cart=3294\" data-quantity=\"1\" class=\"button product_type_simple add_to_cart_button ajax_add_to_cart woocommerce-loop-product__button\" data-product_id=\"3294\" data-product_sku=\"033\" aria-label=\"Add to cart: &ldquo;&rdquo;\" aria-describedby=\"\" rel=\"nofollow\">Add to cart<\/a><a href=\"https:\/\/jessycouture.groprotex.com\/index.php\/product\/robe-3-2\/\" class=\"quick_view_button quick-view-button button\" data-toggle=\"modal\" data-target=\"quick-view-modal\" data-product_id=\"3294\" rel=\"nofollow\">\n\t\t\t\t<span class=\"svg-icon icon-eye size-normal \"><svg role=\"img\"> <use href=\"#eye\" xlink:href=\"#eye\"><\/use> <\/svg><\/span>\n\t\t\t<\/a><a href=\"?add-to-wishlist=3294\" data-quantity=\"1\" data-product_id=\"3294\" data-variations=\"\" class=\"wcboost-wishlist-button wcboost-wishlist-button--theme button wp-element-button wcboost-wishlist-button--ajax\" aria-label=\"Add &ldquo;&rdquo; to the wishlist\">\n\t\t\t<span class=\"wcboost-wishlist-button__icon\"><span class=\"svg-icon icon-heart-o size-normal \"><svg role=\"img\"> <use href=\"#heart-o\" xlink:href=\"#heart-o\"><\/use> <\/svg><\/span><\/span>\n\t\t\t<span class=\"wcboost-wishlist-button__text\">Add to wishlist<\/span>\n\t\t<\/a><\/div><\/div><\/div><\/li>\n<li class=\"product type-product post-3293 status-publish instock product_cat-uncategorized has-post-thumbnail shipping-taxable purchasable product-type-simple\">\n\t<div class=\"product-inner\"><div class=\"product-thumbnail\"><a href=\"https:\/\/jessycouture.groprotex.com\/index.php\/product\/robe-5\/\" class=\"woocommerce-LoopProduct-link woocommerce-loop-product__link\"><img loading=\"lazy\" decoding=\"async\" width=\"680\" height=\"920\" src=\"https:\/\/jessycouture.groprotex.com\/wp-content\/uploads\/2021\/05\/MicrosoftTeams-image-8-680x920.jpg\" class=\"attachment-woocommerce_thumbnail size-woocommerce_thumbnail\" alt=\"\" \/><\/a><\/div><div class=\"product-summary\"><h2 class=\"woocommerce-loop-product__title\"><a href=\"https:\/\/jessycouture.groprotex.com\/index.php\/product\/robe-5\/\" class=\"woocommerce-LoopProduct-link woocommerce-loop-product__link\"><\/a><\/h2>\n\t<span class=\"price\"><span class=\"woocommerce-Price-amount amount\"><bdi>70.000<span class=\"woocommerce-Price-currencySymbol\">CFA<\/span><\/bdi><\/span><\/span>\n<div class=\"buttons clearfix\"><a href=\"?add-to-cart=3293\" data-quantity=\"1\" class=\"button product_type_simple add_to_cart_button ajax_add_to_cart woocommerce-loop-product__button\" data-product_id=\"3293\" data-product_sku=\"031\" aria-label=\"Add to cart: &ldquo;&rdquo;\" aria-describedby=\"\" rel=\"nofollow\">Add to cart<\/a><a href=\"https:\/\/jessycouture.groprotex.com\/index.php\/product\/robe-5\/\" class=\"quick_view_button quick-view-button button\" data-toggle=\"modal\" data-target=\"quick-view-modal\" data-product_id=\"3293\" rel=\"nofollow\">\n\t\t\t\t<span class=\"svg-icon icon-eye size-normal \"><svg role=\"img\"> <use href=\"#eye\" xlink:href=\"#eye\"><\/use> <\/svg><\/span>\n\t\t\t<\/a><a href=\"?add-to-wishlist=3293\" data-quantity=\"1\" data-product_id=\"3293\" data-variations=\"\" class=\"wcboost-wishlist-button wcboost-wishlist-button--theme button wp-element-button wcboost-wishlist-button--ajax\" aria-label=\"Add &ldquo;&rdquo; to the wishlist\">\n\t\t\t<span class=\"wcboost-wishlist-button__icon\"><span class=\"svg-icon icon-heart-o size-normal \"><svg role=\"img\"> <use href=\"#heart-o\" xlink:href=\"#heart-o\"><\/use> <\/svg><\/span><\/span>\n\t\t\t<span class=\"wcboost-wishlist-button__text\">Add to wishlist<\/span>\n\t\t<\/a><\/div><\/div><\/div><\/li>\n<li class=\"product type-product post-3292 status-publish instock product_cat-uncategorized has-post-thumbnail shipping-taxable purchasable product-type-simple\">\n\t<div class=\"product-inner\"><div class=\"product-thumbnail\"><a href=\"https:\/\/jessycouture.groprotex.com\/index.php\/product\/robe-8\/\" class=\"woocommerce-LoopProduct-link woocommerce-loop-product__link\"><img loading=\"lazy\" decoding=\"async\" width=\"680\" height=\"920\" src=\"https:\/\/jessycouture.groprotex.com\/wp-content\/uploads\/2021\/05\/MicrosoftTeams-image-13-680x920.jpg\" class=\"attachment-woocommerce_thumbnail size-woocommerce_thumbnail\" alt=\"\" \/><\/a><\/div><div class=\"product-summary\"><h2 class=\"woocommerce-loop-product__title\"><a href=\"https:\/\/jessycouture.groprotex.com\/index.php\/product\/robe-8\/\" class=\"woocommerce-LoopProduct-link woocommerce-loop-product__link\"><\/a><\/h2>\n\t<span class=\"price\"><span class=\"woocommerce-Price-amount amount\"><bdi>70.000<span class=\"woocommerce-Price-currencySymbol\">CFA<\/span><\/bdi><\/span><\/span>\n<div class=\"buttons clearfix\"><a href=\"?add-to-cart=3292\" data-quantity=\"1\" class=\"button product_type_simple add_to_cart_button ajax_add_to_cart woocommerce-loop-product__button\" data-product_id=\"3292\" data-product_sku=\"030\" aria-label=\"Add to cart: &ldquo;&rdquo;\" aria-describedby=\"\" rel=\"nofollow\">Add to cart<\/a><a href=\"https:\/\/jessycouture.groprotex.com\/index.php\/product\/robe-8\/\" class=\"quick_view_button quick-view-button button\" data-toggle=\"modal\" data-target=\"quick-view-modal\" data-product_id=\"3292\" rel=\"nofollow\">\n\t\t\t\t<span class=\"svg-icon icon-eye size-normal \"><svg role=\"img\"> <use href=\"#eye\" xlink:href=\"#eye\"><\/use> <\/svg><\/span>\n\t\t\t<\/a><a href=\"?add-to-wishlist=3292\" data-quantity=\"1\" data-product_id=\"3292\" data-variations=\"\" class=\"wcboost-wishlist-button wcboost-wishlist-button--theme button wp-element-button wcboost-wishlist-button--ajax\" aria-label=\"Add &ldquo;&rdquo; to the wishlist\">\n\t\t\t<span class=\"wcboost-wishlist-button__icon\"><span class=\"svg-icon icon-heart-o size-normal \"><svg role=\"img\"> <use href=\"#heart-o\" xlink:href=\"#heart-o\"><\/use> <\/svg><\/span><\/span>\n\t\t\t<span class=\"wcboost-wishlist-button__text\">Add to wishlist<\/span>\n\t\t<\/a><\/div><\/div><\/div><\/li>\n<\/ul><\/div>\t\t<\/div>\n\t\t\t\t<\/div>\n\t\t\t\t<\/div>\n\t\t\t\t\t<\/div>\n\t\t\t\t<\/div>\n\t\t\t\t\t\t\t<\/div>\n\t\t","protected":false},"excerpt":{"rendered":"<p>420CFA Ajouter au panier Ajouter \u00e0 la liste d&#039;envies 169CFA Ajouter au panier Ajouter \u00e0 la liste d&#039;envies Lire la suite Ajouter \u00e0 la liste d&#039;envies 120CFA Ajouter au panier&hellip;<\/p>\n","protected":false},"author":1,"featured_media":0,"parent":0,"menu_order":0,"comment_status":"closed","ping_status":"closed","template":"","meta":{"footnotes":""},"jetpack_sharing_enabled":true,"_links":{"self":[{"href":"https:\/\/jessycouture.groprotex.com\/index.php\/wp-json\/wp\/v2\/pages\/8"}],"collection":[{"href":"https:\/\/jessycouture.groprotex.com\/index.php\/wp-json\/wp\/v2\/pages"}],"about":[{"href":"https:\/\/jessycouture.groprotex.com\/index.php\/wp-json\/wp\/v2\/types\/page"}],"author":[{"embeddable":true,"href":"https:\/\/jessycouture.groprotex.com\/index.php\/wp-json\/wp\/v2\/users\/1"}],"replies":[{"embeddable":true,"href":"https:\/\/jessycouture.groprotex.com\/index.php\/wp-json\/wp\/v2\/comments?post=8"}],"version-history":[{"count":4,"href":"https:\/\/jessycouture.groprotex.com\/index.php\/wp-json\/wp\/v2\/pages\/8\/revisions"}],"predecessor-version":[{"id":3389,"href":"https:\/\/jessycouture.groprotex.com\/index.php\/wp-json\/wp\/v2\/pages\/8\/revisions\/3389"}],"wp:attachment":[{"href":"https:\/\/jessycouture.groprotex.com\/index.php\/wp-json\/wp\/v2\/media?parent=8"}],"curies":[{"name":"wp","href":"https:\/\/api.w.org\/{rel}","templated":true}]}}